{"id":60,"date":"2023-02-08T12:29:22","date_gmt":"2023-02-08T11:29:22","guid":{"rendered":"https:\/\/dev.seneca-cf.de\/?page_id=60"},"modified":"2023-07-25T16:46:35","modified_gmt":"2023-07-25T14:46:35","slug":"disclaimer","status":"publish","type":"page","link":"https:\/\/dev.seneca-cf.de\/index.php\/disclaimer\/","title":{"rendered":"Disclaimer"},"content":{"rendered":"<p>[et_pb_section fb_built=&#8220;1&#8243; _builder_version=&#8220;4.20.2&#8243; _module_preset=&#8220;default&#8220; global_colors_info=&#8220;{}&#8220;][et_pb_row _builder_version=&#8220;4.20.2&#8243; _module_preset=&#8220;default&#8220; global_colors_info=&#8220;{}&#8220;][et_pb_column type=&#8220;4_4&#8243; _builder_version=&#8220;4.20.2&#8243; _module_preset=&#8220;default&#8220; global_colors_info=&#8220;{}&#8220;][et_pb_text _builder_version=&#8220;4.20.4&#8243; _module_preset=&#8220;default&#8220; hover_enabled=&#8220;0&#8243; global_colors_info=&#8220;{}&#8220; sticky_enabled=&#8220;0&#8243;]<\/p>\n<p><strong>Haftungsausschluss (Disclaimer)<\/strong><\/p>\n<p><em>Inhalt des Onlineangebotes<\/em><br \/><span>Die auf dem Server bereitgestellten Angaben wurden vom Autor sorgf\u00e4ltig gepr\u00fcft und beruhen auf dem jeweils angegebenen Stand. Dessen ungeachtet kann keine Gew\u00e4hr f\u00fcr die Korrektheit, Vollst\u00e4ndigkeit, Qualit\u00e4t oder letzte Aktualit\u00e4t der Angaben bzw. bereitgestellten Informationen \u00fcbernommen werden. Haftungsanspr\u00fcche gegen den Autor, die sich auf Sch\u00e4den materieller oder ideeller Art beziehen, welche durch die Nutzung oder Nichtnutzung der dargebotenen Informationen bzw. durch die Nutzung fehlerhafter und unvollst\u00e4ndiger Informationen verursacht wurden, sind grunds\u00e4tzlich ausgeschlossen, sofern seitens des Autors kein nachweislich vors\u00e4tzliches oder grob fahrl\u00e4ssiges Verschulden vorliegt. Alle Angebote sind freibleibend und unverbindlich. Der Autor beh\u00e4lt es sich ausdr\u00fccklich vor, Teile der Seiten oder das gesamte Angebot ohne gesonderte Ank\u00fcndigung zu ver\u00e4ndern, zu erg\u00e4nzen, zu l\u00f6schen oder die Ver\u00f6ffentlichung zeitweise oder endg\u00fcltig einzustellen.<\/span><\/p>\n<p><em>Verweise und Links<\/em><br \/><span>seneca-cf.de ist als Inhaltsanbieter nach \u00a7 Abs.1 des Telemediengesetzes (TMG) nur f\u00fcr die &#8222;eigenen Inhalte&#8220;, die zur Nutzung bereitgehalten werden, nach den allgemeinen Gesetzen verantwortlich. Von diesen eigenen Inhalten sind Querverweise (&#8222;Links&#8220;) auf die von anderen Anbietern bereitgehaltenen Inhalte grunds\u00e4tzlich zu unterscheiden. Sofern auf diese Verweisziele (&#8222;Links&#8220;) direkt oder indirekt verwiesen wird, die au\u00dferhalb des Verantwortungsbereiches des Autors liegen, haftet dieser nur dann, wenn er von den Inhalten Kenntnis hat und es ihm technisch m\u00f6glich und zumutbar w\u00e4re, die Nutzung im Falle rechtswidriger Inhalte zu verhindern. F\u00fcr dar\u00fcber hinausgehende Inhalte und insbesondere f\u00fcr Sch\u00e4den, die aus der Nutzung oder Nichtnutzung solcherart dargebotener Informationen entstehen, haftet allein der Anbieter dieser Seiten, nicht derjenige, der \u00fcber Links auf die jeweilige Ver\u00f6ffentlichung lediglich verweist. Diese Einschr\u00e4nkung gilt gleicherma\u00dfen auch f\u00fcr Fremdeintr\u00e4ge in vom Autor eingerichteten G\u00e4steb\u00fcchern, Diskussionsforen und Mailing-Listen. Bez\u00fcglich fremder Inhalte, zu denen Verkn\u00fcpfungen (Links) bestehen, distanziert sich der Autor entsprechend dem Urteil des Landgerichts Hamburg vom 12. Mai 1998 ausdr\u00fccklich von den Inhalten dieser Internetseiten. F\u00fcr alle Links gilt: Herr Christian Weibrecht hat keinen Einfluss auf Inhalt und Gestaltung der verlinkten Seiten. Die Nutzung von Links, die zu Seiten au\u00dferhalb von seneca-cf.de f\u00fchren, erfolgt auf eigene Verantwortung der Nutzer.<\/span><\/p>\n<p>[\/et_pb_text][\/et_pb_column][\/et_pb_row][\/et_pb_section]<\/p>\n","protected":false},"excerpt":{"rendered":"<p>Haftungsausschluss (Disclaimer) Inhalt des OnlineangebotesDie auf dem Server bereitgestellten Angaben wurden vom Autor sorgf\u00e4ltig gepr\u00fcft und beruhen auf dem jeweils angegebenen Stand. Dessen ungeachtet kann keine Gew\u00e4hr f\u00fcr die Korrektheit, Vollst\u00e4ndigkeit, Qualit\u00e4t oder letzte Aktualit\u00e4t der Angaben bzw. bereitgestellten Informationen \u00fcbernommen werden. Haftungsanspr\u00fcche gegen den Autor, die sich auf Sch\u00e4den materieller oder ideeller Art beziehen, [&hellip;]<\/p>\n","protected":false},"author":2,"featured_media":0,"parent":0,"menu_order":0,"comment_status":"closed","ping_status":"closed","template":"","meta":{"_et_pb_use_builder":"on","_et_pb_old_content":"<!-- wp:divi\/placeholder \/-->","_et_gb_content_width":"","footnotes":""},"class_list":["post-60","page","type-page","status-publish","hentry"],"_links":{"self":[{"href":"https:\/\/dev.seneca-cf.de\/index.php\/wp-json\/wp\/v2\/pages\/60","targetHints":{"allow":["GET"]}}],"collection":[{"href":"https:\/\/dev.seneca-cf.de\/index.php\/wp-json\/wp\/v2\/pages"}],"about":[{"href":"https:\/\/dev.seneca-cf.de\/index.php\/wp-json\/wp\/v2\/types\/page"}],"author":[{"embeddable":true,"href":"https:\/\/dev.seneca-cf.de\/index.php\/wp-json\/wp\/v2\/users\/2"}],"replies":[{"embeddable":true,"href":"https:\/\/dev.seneca-cf.de\/index.php\/wp-json\/wp\/v2\/comments?post=60"}],"version-history":[{"count":6,"href":"https:\/\/dev.seneca-cf.de\/index.php\/wp-json\/wp\/v2\/pages\/60\/revisions"}],"predecessor-version":[{"id":472,"href":"https:\/\/dev.seneca-cf.de\/index.php\/wp-json\/wp\/v2\/pages\/60\/revisions\/472"}],"wp:attachment":[{"href":"https:\/\/dev.seneca-cf.de\/index.php\/wp-json\/wp\/v2\/media?parent=60"}],"curies":[{"name":"wp","href":"https:\/\/api.w.org\/{rel}","templated":true}]}}